{"id":2315,"date":"2018-07-27T15:12:58","date_gmt":"2018-07-27T15:12:58","guid":{"rendered":"http:\/\/raval.es\/elx\/?page_id=2315"},"modified":"2018-07-27T15:45:48","modified_gmt":"2018-07-27T15:45:48","slug":"trobada2018","status":"publish","type":"page","link":"https:\/\/raval.es\/elx\/trobada2018\/","title":{"rendered":"trobada2018"},"content":{"rendered":"<div id=\"fb-root\"><\/div>\n<p>[et_pb_section bb_built=\u00bb1&#8243; _builder_version=\u00bb3.0.47&#8243;][et_pb_row _builder_version=\u00bb3.0.48&#8243; background_size=\u00bbinitial\u00bb background_position=\u00bbtop_left\u00bb background_repeat=\u00bbrepeat\u00bb][et_pb_column type=\u00bb1_3&#8243;][et_pb_text _builder_version=\u00bb3.10.2&#8243;]<\/p>\n<p>Emplena el seg\u00fcent formulari per con\u00e8ixer les activitats a desenvolupar pel teu grup a la la Trobada i les necessitats que comporta.<\/p>\n<p>Rellena el siguiente formulario para conocer las actividades a desarrollar\u00a0 por tu grupo en la Trobada y las necesidades que comporta.<\/p>\n<p>[\/et_pb_text][et_pb_text _builder_version=\u00bb3.10.2&#8243; border_radii=\u00bbon|5px|5px|5px|5px\u00bb background_color=\u00bb#90edcf\u00bb custom_padding=\u00bb5px|5px|5px|5px\u00bb]<\/p>\n<p style=\"text-align: center;\"><strong>PARTICIPANTS TROBADA D&#8217;ASSOCIACIONS A ELX<\/strong><\/p>\n<hr \/>\n<p style=\"text-align: center;\"><strong><br \/>\nINFORMACI\u00d3 PER LA GU\u00cdA DE RECURSOS<br \/>\n<\/strong><\/p>\n<p>Per el.laborar la gu\u00eda associativa d&#8217;Elx que se editar\u00e0 amb motiu de la Trobada necessitem que ens fa\u00e7is arribar aquestes dades a l&#8217;email: info@raval.es<\/p>\n<p>Para elaborar la gu\u00eda asociativa de Elx que se editar\u00e1 con motivo de la Trobada necesitamos que nops hagas llegar los siguientes datos al email: info@raval.es<\/p>\n<p>\u2022 Nom de l\u2019entitat<br \/>\n\u2022 Anagrama\/ Logotipus<br \/>\n\u2022 Dades de contacte: correu electr\u00f2nic, tel\u00e8fon, whatsapp, web, xarxes socials, etc.<br \/>\n\u2022 Fotograf\u00eda. format 3x X 2x horitzontal o vertical (exem: 4&#215;8, 10&#215;15)<br \/>\n\u2022 Texte (m\u00e0xim de 290 paraules) informaci\u00f3 suggerida:<\/p>\n<p style=\"padding-left: 30px;\">&#8211; Any de naixement<br \/>\n&#8211; Objectius<br \/>\n&#8211; Programes\/Activitats<br \/>\n&#8211; Organigrama\/Funcionament<br \/>\n&#8211; Altra info d\u2019inter\u00e8s<\/p>\n<p>[\/et_pb_text][\/et_pb_column][et_pb_column type=\u00bb2_3&#8243;][et_pb_code _builder_version=\u00bb3.10.2&#8243;]<div class=\"wpforms-container wpforms-container-full\" id=\"wpforms-2333\"><form id=\"wpforms-form-2333\" class=\"wpforms-validate wpforms-form\" data-formid=\"2333\" method=\"post\" enctype=\"multipart\/form-data\" action=\"\/elx\/wp-json\/wp\/v2\/pages\/2315\" data-token=\"aa2a86f9ab879422bbf2689e0662897d\" data-token-time=\"1777642293\"><noscript class=\"wpforms-error-noscript\">Por favor, activa JavaScript en tu navegador para completar este formulario.<\/noscript><div class=\"wpforms-field-container\"><div id=\"wpforms-2333-field_5-container\" class=\"wpforms-field wpforms-field-text\" data-field-id=\"5\"><label class=\"wpforms-field-label\" for=\"wpforms-2333-field_5\">Nom Associaci\u00f3\/Plataforma <span class=\"wpforms-required-label\">*<\/span><\/label><input type=\"text\" id=\"wpforms-2333-field_5\" class=\"wpforms-field-medium wpforms-field-required\" name=\"wpforms[fields][5]\" required><\/div><div id=\"wpforms-2333-field_21-container\" class=\"wpforms-field wpforms-field-email\" data-field-id=\"21\"><label class=\"wpforms-field-label\" for=\"wpforms-2333-field_21\">Email per comunicacions de la trobada <span class=\"wpforms-required-label\">*<\/span><\/label><input type=\"email\" id=\"wpforms-2333-field_21\" class=\"wpforms-field-medium wpforms-field-required\" name=\"wpforms[fields][21]\" spellcheck=\"false\" required><\/div><div id=\"wpforms-2333-field_6-container\" class=\"wpforms-field wpforms-field-text\" data-field-id=\"6\"><label class=\"wpforms-field-label\" for=\"wpforms-2333-field_6\">Nom\/Denominaci\u00f3 activitat<\/label><input type=\"text\" id=\"wpforms-2333-field_6\" class=\"wpforms-field-medium\" name=\"wpforms[fields][6]\" ><\/div><div id=\"wpforms-2333-field_7-container\" class=\"wpforms-field wpforms-field-textarea\" data-field-id=\"7\"><label class=\"wpforms-field-label\" for=\"wpforms-2333-field_7\">Breu explicaci\u00f3 de l&#039;activitat<\/label><textarea id=\"wpforms-2333-field_7\" class=\"wpforms-field-medium\" name=\"wpforms[fields][7]\" ><\/textarea><\/div><div id=\"wpforms-2333-field_9-container\" class=\"wpforms-field wpforms-field-textarea\" data-field-id=\"9\"><label class=\"wpforms-field-label\" for=\"wpforms-2333-field_9\">Espai necessari<\/label><textarea id=\"wpforms-2333-field_9\" class=\"wpforms-field-medium\" name=\"wpforms[fields][9]\" ><\/textarea><\/div><div id=\"wpforms-2333-field_10-container\" class=\"wpforms-field wpforms-field-text\" data-field-id=\"10\"><label class=\"wpforms-field-label\" for=\"wpforms-2333-field_10\">D\u00eda \/ Hora<\/label><input type=\"text\" id=\"wpforms-2333-field_10\" class=\"wpforms-field-small\" name=\"wpforms[fields][10]\" ><\/div><div id=\"wpforms-2333-field_11-container\" class=\"wpforms-field wpforms-field-text\" data-field-id=\"11\"><label class=\"wpforms-field-label\" for=\"wpforms-2333-field_11\">Duraci\u00f3<\/label><input type=\"text\" id=\"wpforms-2333-field_11\" class=\"wpforms-field-small\" name=\"wpforms[fields][11]\" ><\/div><div id=\"wpforms-2333-field_12-container\" class=\"wpforms-field wpforms-field-text\" data-field-id=\"12\"><label class=\"wpforms-field-label\" for=\"wpforms-2333-field_12\">Persones necessaries<\/label><input type=\"text\" id=\"wpforms-2333-field_12\" class=\"wpforms-field-small\" name=\"wpforms[fields][12]\" ><\/div><div id=\"wpforms-2333-field_13-container\" class=\"wpforms-field wpforms-field-textarea\" data-field-id=\"13\"><label class=\"wpforms-field-label\" for=\"wpforms-2333-field_13\">Materials necessaris<\/label><textarea id=\"wpforms-2333-field_13\" class=\"wpforms-field-medium\" name=\"wpforms[fields][13]\" ><\/textarea><\/div><div id=\"wpforms-2333-field_14-container\" class=\"wpforms-field wpforms-field-textarea\" data-field-id=\"14\"><label class=\"wpforms-field-label\" for=\"wpforms-2333-field_14\">Material amb que ja compta l&#039;associaci\u00f3<\/label><textarea id=\"wpforms-2333-field_14\" class=\"wpforms-field-medium\" name=\"wpforms[fields][14]\" ><\/textarea><\/div><div id=\"wpforms-2333-field_15-container\" class=\"wpforms-field wpforms-field-textarea\" data-field-id=\"15\"><label class=\"wpforms-field-label\" for=\"wpforms-2333-field_15\">Observacions<\/label><textarea id=\"wpforms-2333-field_15\" class=\"wpforms-field-medium\" name=\"wpforms[fields][15]\" ><\/textarea><\/div><div id=\"wpforms-2333-field_23-container\" class=\"wpforms-field wpforms-field-name\" data-field-id=\"23\"><label class=\"wpforms-field-label\" for=\"wpforms-2333-field_23\">ESPAI INFORMATIU<\/label><div class=\"wpforms-field-row wpforms-field-medium\"><div class=\"wpforms-field-row-block wpforms-first wpforms-one-half\"><input type=\"text\" id=\"wpforms-2333-field_23\" class=\"wpforms-field-name-first\" name=\"wpforms[fields][23][first]\" ><label for=\"wpforms-2333-field_23\" class=\"wpforms-field-sublabel after wpforms-sublabel-hide\">Nombre<\/label><\/div><div class=\"wpforms-field-row-block wpforms-one-half\"><input type=\"text\" id=\"wpforms-2333-field_23-last\" class=\"wpforms-field-name-last\" name=\"wpforms[fields][23][last]\" ><label for=\"wpforms-2333-field_23-last\" class=\"wpforms-field-sublabel after wpforms-sublabel-hide\">Apellidos<\/label><\/div><\/div><div class=\"wpforms-field-description\">Nombre de taules \/ nombre de cadires<\/div><\/div><div id=\"wpforms-2333-field_18-container\" class=\"wpforms-field wpforms-field-checkbox wpforms-list-2-columns\" data-field-id=\"18\"><label class=\"wpforms-field-label\">Necessita<\/label><ul id=\"wpforms-2333-field_18\"><li class=\"choice-1 depth-1\"><input type=\"checkbox\" id=\"wpforms-2333-field_18_1\" name=\"wpforms[fields][18][]\" value=\"Conexi\u00f3 Electrica\"  ><label class=\"wpforms-field-label-inline\" for=\"wpforms-2333-field_18_1\">Conexi\u00f3 Electrica<\/label><\/li><li class=\"choice-2 depth-1\"><input type=\"checkbox\" id=\"wpforms-2333-field_18_2\" name=\"wpforms[fields][18][]\" value=\"Conexi\u00f3 internet\"  ><label class=\"wpforms-field-label-inline\" for=\"wpforms-2333-field_18_2\">Conexi\u00f3 internet<\/label><\/li><\/ul><\/div><div id=\"wpforms-2333-field_19-container\" class=\"wpforms-field wpforms-field-textarea\" data-field-id=\"19\"><label class=\"wpforms-field-label\" for=\"wpforms-2333-field_19\">Altres necessitats per l&#039;espai informatiu<\/label><textarea id=\"wpforms-2333-field_19\" class=\"wpforms-field-medium\" name=\"wpforms[fields][19]\" ><\/textarea><\/div><\/div><!-- .wpforms-field-container --><div class=\"wpforms-field wpforms-field-hp\"><label for=\"wpforms-2333-field-hp\" class=\"wpforms-field-label\">Website<\/label><input type=\"text\" name=\"wpforms[hp]\" id=\"wpforms-2333-field-hp\" class=\"wpforms-field-medium\"><\/div><div class=\"wpforms-submit-container\" ><input type=\"hidden\" name=\"wpforms[id]\" value=\"2333\"><input type=\"hidden\" name=\"page_title\" value=\"\"><input type=\"hidden\" name=\"page_url\" value=\"https:\/\/raval.es\/elx\/wp-json\/wp\/v2\/pages\/2315\"><input type=\"hidden\" name=\"url_referer\" value=\"\"><button type=\"submit\" name=\"wpforms[submit]\" id=\"wpforms-submit-2333\" class=\"wpforms-submit\" data-alt-text=\"Enviant...\" data-submit-text=\"Enviar\" aria-live=\"assertive\" value=\"wpforms-submit\">Enviar<\/button><\/div><\/form><\/div>  <!-- .wpforms-container -->[\/et_pb_code][\/et_pb_column][\/et_pb_row][\/et_pb_section]<\/p>\n","protected":false},"excerpt":{"rendered":"<p>Emplena el seg\u00fcent formulari per con\u00e8ixer les activitats a desenvolupar pel teu grup a la la Trobada i les necessitats que comporta. Rellena el siguiente formulario para conocer las actividades a desarrollar\u00a0 por tu grupo en la Trobada y las necesidades que comporta. PARTICIPANTS TROBADA D&#8217;ASSOCIACIONS A ELX INFORMACI\u00d3 PER LA GU\u00cdA DE RECURSOS Per [&hellip;]<\/p>\n","protected":false},"author":1,"featured_media":0,"parent":0,"menu_order":0,"comment_status":"closed","ping_status":"closed","template":"","meta":{"_et_pb_use_builder":"on","_et_pb_old_content":"","_et_gb_content_width":"","_joinchat":[],"footnotes":""},"class_list":["post-2315","page","type-page","status-publish","hentry"],"_links":{"self":[{"href":"https:\/\/raval.es\/elx\/wp-json\/wp\/v2\/pages\/2315","targetHints":{"allow":["GET"]}}],"collection":[{"href":"https:\/\/raval.es\/elx\/wp-json\/wp\/v2\/pages"}],"about":[{"href":"https:\/\/raval.es\/elx\/wp-json\/wp\/v2\/types\/page"}],"author":[{"embeddable":true,"href":"https:\/\/raval.es\/elx\/wp-json\/wp\/v2\/users\/1"}],"replies":[{"embeddable":true,"href":"https:\/\/raval.es\/elx\/wp-json\/wp\/v2\/comments?post=2315"}],"version-history":[{"count":7,"href":"https:\/\/raval.es\/elx\/wp-json\/wp\/v2\/pages\/2315\/revisions"}],"predecessor-version":[{"id":2338,"href":"https:\/\/raval.es\/elx\/wp-json\/wp\/v2\/pages\/2315\/revisions\/2338"}],"wp:attachment":[{"href":"https:\/\/raval.es\/elx\/wp-json\/wp\/v2\/media?parent=2315"}],"curies":[{"name":"wp","href":"https:\/\/api.w.org\/{rel}","templated":true}]}}