{"id":8228,"date":"2025-07-01T12:06:03","date_gmt":"2025-07-01T12:06:03","guid":{"rendered":"https:\/\/raval.es\/elx\/?page_id=8228"},"modified":"2025-07-01T12:06:35","modified_gmt":"2025-07-01T12:06:35","slug":"legal","status":"publish","type":"page","link":"https:\/\/raval.es\/elx\/legal\/","title":{"rendered":"Nota Legal"},"content":{"rendered":"<div id=\"fb-root\"><\/div>\n<p><strong>FINALIDAD Y USO DE LA WEB<br \/>\n<\/strong><a href=\"http:\/\/www.raval.es\"><strong>WWW.RAVAL.ES<\/strong><\/a> y todas sus secciones contiene tan solo informaci\u00f3n sobre las actividades y programas socio-culturales de la Asociaci\u00f3n Vecinal del Raval y Calles Adyacentes (AV Raval en lo sucesivo) y documentaci\u00f3n de utilidad p\u00fablica.<\/p>\n<p>Esta web carece de fines comerciales, la aparici\u00f3n de marcas o productos se refieren exclusivamente a su vinculaci\u00f3n con las actividades anunciadas y\/o realizadas por la AV Raval o entidades relacionadas<\/p>\n<p>Asimismo tampoco contiene secciones de opini\u00f3n o informaci\u00f3n period\u00edstica, por lo que de haber alg\u00fan elemento al respecto habr\u00e1 sido facilitado por los autores u organizadores de la actividad, ajenos a la AV Raval y, por tanto, la responsabilidad del contenido es exclusiva de ellos.<\/p>\n<p>En consecuencia la AV Raval se compromete a eliminar de inmediato cualquier elemento que pudiese provocar controversias en este sentido.<\/p>\n<p><strong>DERECHOS DE AUTOR<br \/>\n<\/strong>El contenido de esta web se acoge a los t\u00e9rminos de licencia\u00a0 de dominio p\u00fablico Creative Commons, <img loading=\"lazy\" decoding=\"async\" class=\"alignnone size-full wp-image-8211\" src=\"https:\/\/raval.es\/elx\/wp-content\/uploads\/2025\/07\/cc-zeror.png\" alt=\"\" width=\"75\" height=\"26\" srcset=\"https:\/\/raval.es\/elx\/wp-content\/uploads\/2025\/07\/cc-zeror.png 75w, https:\/\/raval.es\/elx\/wp-content\/uploads\/2025\/07\/cc-zeror-61x21.png 61w, https:\/\/raval.es\/elx\/wp-content\/uploads\/2025\/07\/cc-zeror-36x12.png 36w, https:\/\/raval.es\/elx\/wp-content\/uploads\/2025\/07\/cc-zeror-48x17.png 48w\" sizes=\"auto, (max-width: 75px) 100vw, 75px\" \/> pudiendo reproducirse y modificarse sin fines comercialesm ni necesidad de citar su autor\u00eda.<\/p>\n<p>Respecto el contenido no elaborado por la AV Raval, la Asociacion se exime de cualquier responsabilidad, entendiendo que es propiedad de sus autores, cedido para su divulgaci\u00f3n en este site, y que se supone cuenta con los adecuados derechos para su emisi\u00f3n\/reproducci\u00f3n.<\/p>\n<p>Los elementos aportados por terceros (im\u00e1genes, textos, etc) se encuentran sujetos a su posible modificaci\u00f3n o eliminaci\u00f3n en aquellos casos que la autor\u00eda o personas o entidades afectadas lo reclamen v\u00eda email (<a href=\"mailto:admin@raval.es\"><strong>admin@raval.es<\/strong><\/a>)<\/p>\n<p>Los posts aqu\u00ed contenidos que son de producci\u00f3n propia incorporan elementos graficos, fotos y textos elaborados por los colaboradores. Ocasionalmente se emplean elementos descargados de la web, siempre procurando que, como esta web, carezca de restricciones por derechos de uso o autor.<\/p>\n<p>NUNCA se recurre a bancos de im\u00e1genes ni textos sujetos a estas restricciones, ni se emplean recursos con marcas de agua ni se descargan de lugares que pudiesen estar afectadas por derechos de autor (diarios, agencias, editoriales, productoras, artistas&#8230;). En la totalidad de casos, los elementos no propios, son obtenidos por bancos de im\u00e1genes gratuitos (o sus secciones libres de derechos) o localizadas a trav\u00e9s de buscadores legales como Yandex, Google u Opera.<\/p>\n<p>En caso de que alguno de los elementos y recursos empleados en esta web fuese demandado por sus legitimos autores o propietarios por haber sido reproducido sin derechos en los sites donde los localizaron los buscadores mencionados, AV Raval se compromete a su eliminaci\u00f3n inmediata tras requerimiento a <a href=\"mailto:admin@raval.es\"><strong>admin@raval.es<\/strong><\/a><\/p>\n<p><strong>DERECHO A LA INTIMIDAD Y LA PROPIA IMAGEN<br \/>\n<\/strong>Las fotograf\u00edas y videos reproducidos en la web, en su mayor\u00eda han sido facilitadas por colaboradores de la AV Raval para documentar sus actividades por lo que han sido tomadas en lugares y actos p\u00fablicos o reuniones con el permiso implicito de los presentes.<\/p>\n<p>En cualquier caso si alguna de las personas que aparecen en dichas reproducciones lo reclamase, por cualquiera de los medios de comunicaci\u00f3n que la AV Raval dispone, la(s) imagen(es) ser\u00e1(n) eliminada(s) por completo de la web de raval.es y sus redes (flickr, facebook, instagram)<\/p>\n<p>La AV Raval agradece a los usuarios de la presente web que se nos comunique cualquier incidencia, problema o queja referente al contenido o uso de este site y procurar\u00e1 siempre y en la medida de lo posible, dar una pronta y satisfactoria respuesta al asunto.<\/p>\n","protected":false},"excerpt":{"rendered":"<p>FINALIDAD Y USO DE LA WEB WWW.RAVAL.ES y todas sus secciones contiene tan solo informaci\u00f3n sobre las actividades y programas socio-culturales de la Asociaci\u00f3n Vecinal del Raval y Calles Adyacentes (AV Raval en lo sucesivo) y documentaci\u00f3n de utilidad p\u00fablica. Esta web carece de fines comerciales, la aparici\u00f3n de marcas o productos se refieren exclusivamente [&hellip;]<\/p>\n","protected":false},"author":1,"featured_media":0,"parent":0,"menu_order":0,"comment_status":"closed","ping_status":"closed","template":"","meta":{"_et_pb_use_builder":"","_et_pb_old_content":"","_et_gb_content_width":"","_joinchat":[],"footnotes":""},"class_list":["post-8228","page","type-page","status-publish","hentry"],"_links":{"self":[{"href":"https:\/\/raval.es\/elx\/wp-json\/wp\/v2\/pages\/8228","targetHints":{"allow":["GET"]}}],"collection":[{"href":"https:\/\/raval.es\/elx\/wp-json\/wp\/v2\/pages"}],"about":[{"href":"https:\/\/raval.es\/elx\/wp-json\/wp\/v2\/types\/page"}],"author":[{"embeddable":true,"href":"https:\/\/raval.es\/elx\/wp-json\/wp\/v2\/users\/1"}],"replies":[{"embeddable":true,"href":"https:\/\/raval.es\/elx\/wp-json\/wp\/v2\/comments?post=8228"}],"version-history":[{"count":1,"href":"https:\/\/raval.es\/elx\/wp-json\/wp\/v2\/pages\/8228\/revisions"}],"predecessor-version":[{"id":8229,"href":"https:\/\/raval.es\/elx\/wp-json\/wp\/v2\/pages\/8228\/revisions\/8229"}],"wp:attachment":[{"href":"https:\/\/raval.es\/elx\/wp-json\/wp\/v2\/media?parent=8228"}],"curies":[{"name":"wp","href":"https:\/\/api.w.org\/{rel}","templated":true}]}}